{"id":23,"date":"2023-06-20T22:23:57","date_gmt":"2023-06-20T20:23:57","guid":{"rendered":"http:\/\/kajakisapolno.pl\/?page_id=23"},"modified":"2023-07-22T13:24:40","modified_gmt":"2023-07-22T11:24:40","slug":"aktualnosci","status":"publish","type":"page","link":"http:\/\/kajakisapolno.pl\/?page_id=23","title":{"rendered":"Aktualno\u015bci"},"content":{"rendered":"\t\t<div data-elementor-type=\"wp-page\" data-elementor-id=\"23\" class=\"elementor elementor-23\">\n\t\t\t\t\t\t\t\t\t<section class=\"elementor-section elementor-top-section elementor-element elementor-element-71a6ef3d elementor-section-boxed elementor-section-height-default elementor-section-height-default\" data-id=\"71a6ef3d\" data-element_type=\"section\">\n\t\t\t\t\t\t<div class=\"elementor-container elementor-column-gap-default\">\n\t\t\t\t\t<div class=\"elementor-column elementor-col-100 elementor-top-column elementor-element elementor-element-b17346f\" data-id=\"b17346f\" data-element_type=\"column\">\n\t\t\t<div class=\"elementor-widget-wrap elementor-element-populated\">\n\t\t\t\t\t\t\t\t<div class=\"elementor-element elementor-element-7ef72943 elementor-widget elementor-widget-text-editor\" data-id=\"7ef72943\" data-element_type=\"widget\" data-widget_type=\"text-editor.default\">\n\t\t\t\t<div class=\"elementor-widget-container\">\n\t\t\t<style>\/*! elementor - v3.14.0 - 26-06-2023 *\/\n.elementor-widget-text-editor.elementor-drop-cap-view-stacked .elementor-drop-cap{background-color:#69727d;color:#fff}.elementor-widget-text-editor.elementor-drop-cap-view-framed .elementor-drop-cap{color:#69727d;border:3px solid;background-color:transparent}.elementor-widget-text-editor:not(.elementor-drop-cap-view-default) .elementor-drop-cap{margin-top:8px}.elementor-widget-text-editor:not(.elementor-drop-cap-view-default) .elementor-drop-cap-letter{width:1em;height:1em}.elementor-widget-text-editor .elementor-drop-cap{float:left;text-align:center;line-height:1;font-size:50px}.elementor-widget-text-editor .elementor-drop-cap-letter{display:inline-block}<\/style>\t\t\t\t<p><!-- wp:paragraph --><\/p>\n<p><img loading=\"lazy\" decoding=\"async\" class=\"alignnone size-medium wp-image-151\" src=\"http:\/\/kajakisapolno.pl\/wp-content\/uploads\/2023\/07\/IMG-20230703-WA0005-300x300.jpg\" alt=\"\" width=\"300\" height=\"300\" srcset=\"http:\/\/kajakisapolno.pl\/wp-content\/uploads\/2023\/07\/IMG-20230703-WA0005-300x300.jpg 300w, http:\/\/kajakisapolno.pl\/wp-content\/uploads\/2023\/07\/IMG-20230703-WA0005-150x150.jpg 150w, http:\/\/kajakisapolno.pl\/wp-content\/uploads\/2023\/07\/IMG-20230703-WA0005-768x768.jpg 768w\" sizes=\"auto, (max-width: 300px) 100vw, 300px\" \/><\/p>\n<p>\u00a0<\/p>\n<p>Na tej stronie b\u0119dziemy zamieszcza\u0107 informacje o organizowanych sp\u0142ywach oraz imprezach.<\/p>\n<p><!-- \/wp:paragraph --><\/p>\t\t\t\t\t\t<\/div>\n\t\t\t\t<\/div>\n\t\t\t\t\t<\/div>\n\t\t<\/div>\n\t\t\t\t\t\t\t<\/div>\n\t\t<\/section>\n\t\t\t\t<section class=\"elementor-section elementor-top-section elementor-element elementor-element-77c344c elementor-section-boxed elementor-section-height-default elementor-section-height-default\" data-id=\"77c344c\" data-element_type=\"section\">\n\t\t\t\t\t\t<div class=\"elementor-container elementor-column-gap-default\">\n\t\t\t\t\t<div class=\"elementor-column elementor-col-100 elementor-top-column elementor-element elementor-element-363a87b\" data-id=\"363a87b\" data-element_type=\"column\">\n\t\t\t<div class=\"elementor-widget-wrap elementor-element-populated\">\n\t\t\t\t\t\t\t\t<div class=\"elementor-element elementor-element-f4ee9b4 elementor-widget elementor-widget-image-gallery\" data-id=\"f4ee9b4\" data-element_type=\"widget\" data-widget_type=\"image-gallery.default\">\n\t\t\t\t<div class=\"elementor-widget-container\">\n\t\t\t<style>\/*! elementor - v3.14.0 - 26-06-2023 *\/\n.elementor-image-gallery .gallery-item{display:inline-block;text-align:center;vertical-align:top;width:100%;max-width:100%;margin:0 auto}.elementor-image-gallery .gallery-item img{margin:0 auto}.elementor-image-gallery .gallery-item .gallery-caption{margin:0}.elementor-image-gallery figure img{display:block}.elementor-image-gallery figure figcaption{width:100%}.gallery-spacing-custom .elementor-image-gallery .gallery-icon{padding:0}@media (min-width:768px){.elementor-image-gallery .gallery-columns-2 .gallery-item{max-width:50%}.elementor-image-gallery .gallery-columns-3 .gallery-item{max-width:33.33%}.elementor-image-gallery .gallery-columns-4 .gallery-item{max-width:25%}.elementor-image-gallery .gallery-columns-5 .gallery-item{max-width:20%}.elementor-image-gallery .gallery-columns-6 .gallery-item{max-width:16.666%}.elementor-image-gallery .gallery-columns-7 .gallery-item{max-width:14.28%}.elementor-image-gallery .gallery-columns-8 .gallery-item{max-width:12.5%}.elementor-image-gallery .gallery-columns-9 .gallery-item{max-width:11.11%}.elementor-image-gallery .gallery-columns-10 .gallery-item{max-width:10%}}@media (min-width:480px) and (max-width:767px){.elementor-image-gallery .gallery.gallery-columns-2 .gallery-item,.elementor-image-gallery .gallery.gallery-columns-3 .gallery-item,.elementor-image-gallery .gallery.gallery-columns-4 .gallery-item,.elementor-image-gallery .gallery.gallery-columns-5 .gallery-item,.elementor-image-gallery .gallery.gallery-columns-6 .gallery-item,.elementor-image-gallery .gallery.gallery-columns-7 .gallery-item,.elementor-image-gallery .gallery.gallery-columns-8 .gallery-item,.elementor-image-gallery .gallery.gallery-columns-9 .gallery-item,.elementor-image-gallery .gallery.gallery-columns-10 .gallery-item{max-width:50%}}@media (max-width:479px){.elementor-image-gallery .gallery.gallery-columns-2 .gallery-item,.elementor-image-gallery .gallery.gallery-columns-3 .gallery-item,.elementor-image-gallery .gallery.gallery-columns-4 .gallery-item,.elementor-image-gallery .gallery.gallery-columns-5 .gallery-item,.elementor-image-gallery .gallery.gallery-columns-6 .gallery-item,.elementor-image-gallery .gallery.gallery-columns-7 .gallery-item,.elementor-image-gallery .gallery.gallery-columns-8 .gallery-item,.elementor-image-gallery .gallery.gallery-columns-9 .gallery-item,.elementor-image-gallery .gallery.gallery-columns-10 .gallery-item{max-width:100%}}<\/style>\t\t<div class=\"elementor-image-gallery\">\n\t\t\t<div id='gallery-1' class='gallery galleryid-23 gallery-columns-4 gallery-size-medium_large'><figure class='gallery-item'>\n\t\t\t<div class='gallery-icon landscape'>\n\t\t\t\t<a data-elementor-open-lightbox=\"yes\" data-elementor-lightbox-slideshow=\"f4ee9b4\" data-elementor-lightbox-title=\"IMG-20230703-WA0007\" data-e-action-hash=\"#elementor-action%3Aaction%3Dlightbox%26settings%3DeyJpZCI6MTUzLCJ1cmwiOiJodHRwOlwvXC9rYWpha2lzYXBvbG5vLnBsXC93cC1jb250ZW50XC91cGxvYWRzXC8yMDIzXC8wN1wvSU1HLTIwMjMwNzAzLVdBMDAwNy5qcGciLCJzbGlkZXNob3ciOiJmNGVlOWI0In0%3D\" href='http:\/\/kajakisapolno.pl\/wp-content\/uploads\/2023\/07\/IMG-20230703-WA0007.jpg'><img loading=\"lazy\" decoding=\"async\" width=\"768\" height=\"768\" src=\"http:\/\/kajakisapolno.pl\/wp-content\/uploads\/2023\/07\/IMG-20230703-WA0007-768x768.jpg\" class=\"attachment-medium_large size-medium_large\" alt=\"\" srcset=\"http:\/\/kajakisapolno.pl\/wp-content\/uploads\/2023\/07\/IMG-20230703-WA0007-768x768.jpg 768w, http:\/\/kajakisapolno.pl\/wp-content\/uploads\/2023\/07\/IMG-20230703-WA0007-300x300.jpg 300w, http:\/\/kajakisapolno.pl\/wp-content\/uploads\/2023\/07\/IMG-20230703-WA0007-1024x1024.jpg 1024w, http:\/\/kajakisapolno.pl\/wp-content\/uploads\/2023\/07\/IMG-20230703-WA0007-150x150.jpg 150w\" sizes=\"auto, (max-width: 768px) 100vw, 768px\" \/><\/a>\n\t\t\t<\/div><\/figure><figure class='gallery-item'>\n\t\t\t<div class='gallery-icon portrait'>\n\t\t\t\t<a data-elementor-open-lightbox=\"yes\" data-elementor-lightbox-slideshow=\"f4ee9b4\" data-elementor-lightbox-title=\"IMG-20230703-WA0005\" data-e-action-hash=\"#elementor-action%3Aaction%3Dlightbox%26settings%3DeyJpZCI6MTUxLCJ1cmwiOiJodHRwOlwvXC9rYWpha2lzYXBvbG5vLnBsXC93cC1jb250ZW50XC91cGxvYWRzXC8yMDIzXC8wN1wvSU1HLTIwMjMwNzAzLVdBMDAwNS5qcGciLCJzbGlkZXNob3ciOiJmNGVlOWI0In0%3D\" href='http:\/\/kajakisapolno.pl\/wp-content\/uploads\/2023\/07\/IMG-20230703-WA0005.jpg'><img loading=\"lazy\" decoding=\"async\" width=\"768\" height=\"768\" src=\"http:\/\/kajakisapolno.pl\/wp-content\/uploads\/2023\/07\/IMG-20230703-WA0005-768x768.jpg\" class=\"attachment-medium_large size-medium_large\" alt=\"\" srcset=\"http:\/\/kajakisapolno.pl\/wp-content\/uploads\/2023\/07\/IMG-20230703-WA0005-768x768.jpg 768w, http:\/\/kajakisapolno.pl\/wp-content\/uploads\/2023\/07\/IMG-20230703-WA0005-300x300.jpg 300w, http:\/\/kajakisapolno.pl\/wp-content\/uploads\/2023\/07\/IMG-20230703-WA0005-150x150.jpg 150w\" sizes=\"auto, (max-width: 768px) 100vw, 768px\" \/><\/a>\n\t\t\t<\/div><\/figure><figure class='gallery-item'>\n\t\t\t<div class='gallery-icon portrait'>\n\t\t\t\t<a data-elementor-open-lightbox=\"yes\" data-elementor-lightbox-slideshow=\"f4ee9b4\" data-elementor-lightbox-title=\"IMG-20230703-WA0004\" data-e-action-hash=\"#elementor-action%3Aaction%3Dlightbox%26settings%3DeyJpZCI6MTUwLCJ1cmwiOiJodHRwOlwvXC9rYWpha2lzYXBvbG5vLnBsXC93cC1jb250ZW50XC91cGxvYWRzXC8yMDIzXC8wN1wvSU1HLTIwMjMwNzAzLVdBMDAwNC5qcGciLCJzbGlkZXNob3ciOiJmNGVlOWI0In0%3D\" href='http:\/\/kajakisapolno.pl\/wp-content\/uploads\/2023\/07\/IMG-20230703-WA0004.jpg'><img loading=\"lazy\" decoding=\"async\" width=\"768\" height=\"768\" src=\"http:\/\/kajakisapolno.pl\/wp-content\/uploads\/2023\/07\/IMG-20230703-WA0004-768x768.jpg\" class=\"attachment-medium_large size-medium_large\" alt=\"\" srcset=\"http:\/\/kajakisapolno.pl\/wp-content\/uploads\/2023\/07\/IMG-20230703-WA0004-768x768.jpg 768w, http:\/\/kajakisapolno.pl\/wp-content\/uploads\/2023\/07\/IMG-20230703-WA0004-300x300.jpg 300w, http:\/\/kajakisapolno.pl\/wp-content\/uploads\/2023\/07\/IMG-20230703-WA0004-150x150.jpg 150w\" sizes=\"auto, (max-width: 768px) 100vw, 768px\" \/><\/a>\n\t\t\t<\/div><\/figure><figure class='gallery-item'>\n\t\t\t<div class='gallery-icon portrait'>\n\t\t\t\t<a data-elementor-open-lightbox=\"yes\" data-elementor-lightbox-slideshow=\"f4ee9b4\" data-elementor-lightbox-title=\"IMG-20230703-WA0003\" data-e-action-hash=\"#elementor-action%3Aaction%3Dlightbox%26settings%3DeyJpZCI6MTQ5LCJ1cmwiOiJodHRwOlwvXC9rYWpha2lzYXBvbG5vLnBsXC93cC1jb250ZW50XC91cGxvYWRzXC8yMDIzXC8wN1wvSU1HLTIwMjMwNzAzLVdBMDAwMy5qcGciLCJzbGlkZXNob3ciOiJmNGVlOWI0In0%3D\" href='http:\/\/kajakisapolno.pl\/wp-content\/uploads\/2023\/07\/IMG-20230703-WA0003.jpg'><img loading=\"lazy\" decoding=\"async\" width=\"768\" height=\"768\" src=\"http:\/\/kajakisapolno.pl\/wp-content\/uploads\/2023\/07\/IMG-20230703-WA0003-768x768.jpg\" class=\"attachment-medium_large size-medium_large\" alt=\"\" srcset=\"http:\/\/kajakisapolno.pl\/wp-content\/uploads\/2023\/07\/IMG-20230703-WA0003-768x768.jpg 768w, http:\/\/kajakisapolno.pl\/wp-content\/uploads\/2023\/07\/IMG-20230703-WA0003-300x300.jpg 300w, http:\/\/kajakisapolno.pl\/wp-content\/uploads\/2023\/07\/IMG-20230703-WA0003-150x150.jpg 150w\" sizes=\"auto, (max-width: 768px) 100vw, 768px\" \/><\/a>\n\t\t\t<\/div><\/figure><figure class='gallery-item'>\n\t\t\t<div class='gallery-icon portrait'>\n\t\t\t\t<a data-elementor-open-lightbox=\"yes\" data-elementor-lightbox-slideshow=\"f4ee9b4\" data-elementor-lightbox-title=\"IMG-20230703-WA0002\" data-e-action-hash=\"#elementor-action%3Aaction%3Dlightbox%26settings%3DeyJpZCI6MTQ4LCJ1cmwiOiJodHRwOlwvXC9rYWpha2lzYXBvbG5vLnBsXC93cC1jb250ZW50XC91cGxvYWRzXC8yMDIzXC8wN1wvSU1HLTIwMjMwNzAzLVdBMDAwMi5qcGciLCJzbGlkZXNob3ciOiJmNGVlOWI0In0%3D\" href='http:\/\/kajakisapolno.pl\/wp-content\/uploads\/2023\/07\/IMG-20230703-WA0002.jpg'><img loading=\"lazy\" decoding=\"async\" width=\"768\" height=\"768\" src=\"http:\/\/kajakisapolno.pl\/wp-content\/uploads\/2023\/07\/IMG-20230703-WA0002-768x768.jpg\" class=\"attachment-medium_large size-medium_large\" alt=\"\" srcset=\"http:\/\/kajakisapolno.pl\/wp-content\/uploads\/2023\/07\/IMG-20230703-WA0002-768x768.jpg 768w, http:\/\/kajakisapolno.pl\/wp-content\/uploads\/2023\/07\/IMG-20230703-WA0002-300x300.jpg 300w, http:\/\/kajakisapolno.pl\/wp-content\/uploads\/2023\/07\/IMG-20230703-WA0002-150x150.jpg 150w\" sizes=\"auto, (max-width: 768px) 100vw, 768px\" \/><\/a>\n\t\t\t<\/div><\/figure><figure class='gallery-item'>\n\t\t\t<div class='gallery-icon portrait'>\n\t\t\t\t<a data-elementor-open-lightbox=\"yes\" data-elementor-lightbox-slideshow=\"f4ee9b4\" data-elementor-lightbox-title=\"IMG-20230703-WA0001\" data-e-action-hash=\"#elementor-action%3Aaction%3Dlightbox%26settings%3DeyJpZCI6MTQ3LCJ1cmwiOiJodHRwOlwvXC9rYWpha2lzYXBvbG5vLnBsXC93cC1jb250ZW50XC91cGxvYWRzXC8yMDIzXC8wN1wvSU1HLTIwMjMwNzAzLVdBMDAwMS5qcGciLCJzbGlkZXNob3ciOiJmNGVlOWI0In0%3D\" href='http:\/\/kajakisapolno.pl\/wp-content\/uploads\/2023\/07\/IMG-20230703-WA0001.jpg'><img loading=\"lazy\" decoding=\"async\" width=\"768\" height=\"768\" src=\"http:\/\/kajakisapolno.pl\/wp-content\/uploads\/2023\/07\/IMG-20230703-WA0001-768x768.jpg\" class=\"attachment-medium_large size-medium_large\" alt=\"\" srcset=\"http:\/\/kajakisapolno.pl\/wp-content\/uploads\/2023\/07\/IMG-20230703-WA0001-768x768.jpg 768w, http:\/\/kajakisapolno.pl\/wp-content\/uploads\/2023\/07\/IMG-20230703-WA0001-300x300.jpg 300w, http:\/\/kajakisapolno.pl\/wp-content\/uploads\/2023\/07\/IMG-20230703-WA0001-150x150.jpg 150w\" sizes=\"auto, (max-width: 768px) 100vw, 768px\" \/><\/a>\n\t\t\t<\/div><\/figure><figure class='gallery-item'>\n\t\t\t<div class='gallery-icon landscape'>\n\t\t\t\t<a data-elementor-open-lightbox=\"yes\" data-elementor-lightbox-slideshow=\"f4ee9b4\" data-elementor-lightbox-title=\"IMG-20230703-WA0000\" data-e-action-hash=\"#elementor-action%3Aaction%3Dlightbox%26settings%3DeyJpZCI6MTQ2LCJ1cmwiOiJodHRwOlwvXC9rYWpha2lzYXBvbG5vLnBsXC93cC1jb250ZW50XC91cGxvYWRzXC8yMDIzXC8wN1wvSU1HLTIwMjMwNzAzLVdBMDAwMC5qcGciLCJzbGlkZXNob3ciOiJmNGVlOWI0In0%3D\" href='http:\/\/kajakisapolno.pl\/wp-content\/uploads\/2023\/07\/IMG-20230703-WA0000.jpg'><img loading=\"lazy\" decoding=\"async\" width=\"768\" height=\"768\" src=\"http:\/\/kajakisapolno.pl\/wp-content\/uploads\/2023\/07\/IMG-20230703-WA0000-768x768.jpg\" class=\"attachment-medium_large size-medium_large\" alt=\"\" srcset=\"http:\/\/kajakisapolno.pl\/wp-content\/uploads\/2023\/07\/IMG-20230703-WA0000-768x768.jpg 768w, http:\/\/kajakisapolno.pl\/wp-content\/uploads\/2023\/07\/IMG-20230703-WA0000-300x300.jpg 300w, http:\/\/kajakisapolno.pl\/wp-content\/uploads\/2023\/07\/IMG-20230703-WA0000-1024x1024.jpg 1024w, http:\/\/kajakisapolno.pl\/wp-content\/uploads\/2023\/07\/IMG-20230703-WA0000-150x150.jpg 150w\" sizes=\"auto, (max-width: 768px) 100vw, 768px\" \/><\/a>\n\t\t\t<\/div><\/figure><figure class='gallery-item'>\n\t\t\t<div class='gallery-icon landscape'>\n\t\t\t\t<a data-elementor-open-lightbox=\"yes\" data-elementor-lightbox-slideshow=\"f4ee9b4\" data-elementor-lightbox-title=\"cropped-IMG-20230620-WA0002.jpg\" data-e-action-hash=\"#elementor-action%3Aaction%3Dlightbox%26settings%3DeyJpZCI6NzQsInVybCI6Imh0dHA6XC9cL2thamFraXNhcG9sbm8ucGxcL3dwLWNvbnRlbnRcL3VwbG9hZHNcLzIwMjNcLzA2XC9jcm9wcGVkLUlNRy0yMDIzMDYyMC1XQTAwMDIuanBnIiwic2xpZGVzaG93IjoiZjRlZTliNCJ9\" href='http:\/\/kajakisapolno.pl\/wp-content\/uploads\/2023\/06\/cropped-IMG-20230620-WA0002.jpg'><img loading=\"lazy\" decoding=\"async\" width=\"768\" height=\"768\" src=\"http:\/\/kajakisapolno.pl\/wp-content\/uploads\/2023\/06\/cropped-IMG-20230620-WA0002-768x768.jpg\" class=\"attachment-medium_large size-medium_large\" alt=\"\" srcset=\"http:\/\/kajakisapolno.pl\/wp-content\/uploads\/2023\/06\/cropped-IMG-20230620-WA0002-768x768.jpg 768w, http:\/\/kajakisapolno.pl\/wp-content\/uploads\/2023\/06\/cropped-IMG-20230620-WA0002-300x300.jpg 300w, http:\/\/kajakisapolno.pl\/wp-content\/uploads\/2023\/06\/cropped-IMG-20230620-WA0002-1024x1024.jpg 1024w, http:\/\/kajakisapolno.pl\/wp-content\/uploads\/2023\/06\/cropped-IMG-20230620-WA0002-150x150.jpg 150w, http:\/\/kajakisapolno.pl\/wp-content\/uploads\/2023\/06\/cropped-IMG-20230620-WA0002-100x100.jpg 100w\" sizes=\"auto, (max-width: 768px) 100vw, 768px\" \/><\/a>\n\t\t\t<\/div><\/figure><figure class='gallery-item'>\n\t\t\t<div class='gallery-icon portrait'>\n\t\t\t\t<a data-elementor-open-lightbox=\"yes\" data-elementor-lightbox-slideshow=\"f4ee9b4\" data-elementor-lightbox-title=\"IMG-20230620-WA0001\" data-e-action-hash=\"#elementor-action%3Aaction%3Dlightbox%26settings%3DeyJpZCI6NzAsInVybCI6Imh0dHA6XC9cL2thamFraXNhcG9sbm8ucGxcL3dwLWNvbnRlbnRcL3VwbG9hZHNcLzIwMjNcLzA2XC9JTUctMjAyMzA2MjAtV0EwMDAxLmpwZyIsInNsaWRlc2hvdyI6ImY0ZWU5YjQifQ%3D%3D\" href='http:\/\/kajakisapolno.pl\/wp-content\/uploads\/2023\/06\/IMG-20230620-WA0001.jpg'><img loading=\"lazy\" decoding=\"async\" width=\"768\" height=\"768\" src=\"http:\/\/kajakisapolno.pl\/wp-content\/uploads\/2023\/06\/IMG-20230620-WA0001-768x768.jpg\" class=\"attachment-medium_large size-medium_large\" alt=\"\" srcset=\"http:\/\/kajakisapolno.pl\/wp-content\/uploads\/2023\/06\/IMG-20230620-WA0001-768x768.jpg 768w, http:\/\/kajakisapolno.pl\/wp-content\/uploads\/2023\/06\/IMG-20230620-WA0001-300x300.jpg 300w, http:\/\/kajakisapolno.pl\/wp-content\/uploads\/2023\/06\/IMG-20230620-WA0001-1024x1024.jpg 1024w, http:\/\/kajakisapolno.pl\/wp-content\/uploads\/2023\/06\/IMG-20230620-WA0001-150x150.jpg 150w, http:\/\/kajakisapolno.pl\/wp-content\/uploads\/2023\/06\/IMG-20230620-WA0001-1200x1200.jpg 1200w, http:\/\/kajakisapolno.pl\/wp-content\/uploads\/2023\/06\/IMG-20230620-WA0001-100x100.jpg 100w\" sizes=\"auto, (max-width: 768px) 100vw, 768px\" \/><\/a>\n\t\t\t<\/div><\/figure>\n\t\t<\/div>\n\t\t<\/div>\n\t\t\t\t<\/div>\n\t\t\t\t<\/div>\n\t\t\t\t\t<\/div>\n\t\t<\/div>\n\t\t\t\t\t\t\t<\/div>\n\t\t<\/section>\n\t\t\t\t\t\t\t<\/div>\n\t\t","protected":false},"excerpt":{"rendered":"<p>\u00a0 Na tej stronie b\u0119dziemy zamieszcza\u0107 informacje o organizowanych sp\u0142ywach oraz imprezach.<\/p>\n","protected":false},"author":1,"featured_media":0,"parent":0,"menu_order":0,"comment_status":"closed","ping_status":"closed","template":"","meta":{"footnotes":""},"class_list":["post-23","page","type-page","status-publish","hentry"],"aioseo_notices":[],"_links":{"self":[{"href":"http:\/\/kajakisapolno.pl\/index.php?rest_route=\/wp\/v2\/pages\/23","targetHints":{"allow":["GET"]}}],"collection":[{"href":"http:\/\/kajakisapolno.pl\/index.php?rest_route=\/wp\/v2\/pages"}],"about":[{"href":"http:\/\/kajakisapolno.pl\/index.php?rest_route=\/wp\/v2\/types\/page"}],"author":[{"embeddable":true,"href":"http:\/\/kajakisapolno.pl\/index.php?rest_route=\/wp\/v2\/users\/1"}],"replies":[{"embeddable":true,"href":"http:\/\/kajakisapolno.pl\/index.php?rest_route=%2Fwp%2Fv2%2Fcomments&post=23"}],"version-history":[{"count":8,"href":"http:\/\/kajakisapolno.pl\/index.php?rest_route=\/wp\/v2\/pages\/23\/revisions"}],"predecessor-version":[{"id":196,"href":"http:\/\/kajakisapolno.pl\/index.php?rest_route=\/wp\/v2\/pages\/23\/revisions\/196"}],"wp:attachment":[{"href":"http:\/\/kajakisapolno.pl\/index.php?rest_route=%2Fwp%2Fv2%2Fmedia&parent=23"}],"curies":[{"name":"wp","href":"https:\/\/api.w.org\/{rel}","templated":true}]}}