{"id":20,"date":"2023-06-20T22:23:57","date_gmt":"2023-06-20T20:23:57","guid":{"rendered":"http:\/\/kajakisapolno.pl\/?page_id=20"},"modified":"2023-07-23T17:19:25","modified_gmt":"2023-07-23T15:19:25","slug":"informacje","status":"publish","type":"page","link":"http:\/\/kajakisapolno.pl\/","title":{"rendered":"O nas :"},"content":{"rendered":"\t\t<div data-elementor-type=\"wp-page\" data-elementor-id=\"20\" class=\"elementor elementor-20\">\n\t\t\t\t\t\t\t\t\t<section class=\"elementor-section elementor-top-section elementor-element elementor-element-254c9944 elementor-section-boxed elementor-section-height-default elementor-section-height-default\" data-id=\"254c9944\" data-element_type=\"section\">\n\t\t\t\t\t\t<div class=\"elementor-container elementor-column-gap-default\">\n\t\t\t\t\t<div class=\"elementor-column elementor-col-100 elementor-top-column elementor-element elementor-element-4991fa89\" data-id=\"4991fa89\" data-element_type=\"column\">\n\t\t\t<div class=\"elementor-widget-wrap elementor-element-populated\">\n\t\t\t\t\t\t\t\t<div class=\"elementor-element elementor-element-24b5f857 elementor-widget elementor-widget-text-editor\" data-id=\"24b5f857\" data-element_type=\"widget\" data-widget_type=\"text-editor.default\">\n\t\t\t\t<div class=\"elementor-widget-container\">\n\t\t\t<style>\/*! elementor - v3.14.0 - 26-06-2023 *\/\n.elementor-widget-text-editor.elementor-drop-cap-view-stacked .elementor-drop-cap{background-color:#69727d;color:#fff}.elementor-widget-text-editor.elementor-drop-cap-view-framed .elementor-drop-cap{color:#69727d;border:3px solid;background-color:transparent}.elementor-widget-text-editor:not(.elementor-drop-cap-view-default) .elementor-drop-cap{margin-top:8px}.elementor-widget-text-editor:not(.elementor-drop-cap-view-default) .elementor-drop-cap-letter{width:1em;height:1em}.elementor-widget-text-editor .elementor-drop-cap{float:left;text-align:center;line-height:1;font-size:50px}.elementor-widget-text-editor .elementor-drop-cap-letter{display:inline-block}<\/style>\t\t\t\t<p>Kajaki S\u0105polno zapraszaj\u0105 na sp\u0119dzenie wsp\u00f3lnego czasu.<\/p>\n<p>Oferuje sp\u0142ywy kajakowe rzek\u0105 Brd\u0105 oraz okolicznymi rzekami. <\/p>\n<p>Brda nazywana jest kr\u00f3low\u0105 Borowieckich rzek. Sp\u0142yw rzek\u0105 ma w sobie pi\u0119kno przyrody , atrakcyjne widoki oraz chwile odpoczynku w gronie przyjaci\u00f3\u0142 i rodziny.<\/p>\n<p>Rzeka oferuje sp\u0142yw na d\u0142ugo\u015bci 233 km przez R\u00f3wnin\u0119 Charzykowsk\u0105 , Bory Tucholskie i Dolin\u0119 Brdy.<\/p>\n<p>\u00a0<\/p>\n<div>\u00a0<\/div>\n<div>Szlak g\u00f3rnej Brdy zdoby\u0142 miano najpi\u0119kniejszego szlaku kajakowego. Na jego brzegach przygotowano liczne stanice wodne , przystanki i pola biwakowe gdzie mo\u017cna przy ognisku si\u0119 zrelaksowa\u0107 i odpocz\u0105\u0107 .<\/div>\t\t\t\t\t\t<\/div>\n\t\t\t\t<\/div>\n\t\t\t\t\t<\/div>\n\t\t<\/div>\n\t\t\t\t\t\t\t<\/div>\n\t\t<\/section>\n\t\t\t\t<section class=\"elementor-section elementor-top-section elementor-element elementor-element-886d067 elementor-section-boxed elementor-section-height-default elementor-section-height-default\" data-id=\"886d067\" data-element_type=\"section\">\n\t\t\t\t\t\t<div class=\"elementor-container elementor-column-gap-default\">\n\t\t\t\t\t<div class=\"elementor-column elementor-col-100 elementor-top-column elementor-element elementor-element-0b537c3\" data-id=\"0b537c3\" data-element_type=\"column\">\n\t\t\t<div class=\"elementor-widget-wrap\">\n\t\t\t\t\t\t\t\t\t<\/div>\n\t\t<\/div>\n\t\t\t\t\t\t\t<\/div>\n\t\t<\/section>\n\t\t\t\t<section class=\"elementor-section elementor-top-section elementor-element elementor-element-4b0e417 elementor-section-boxed elementor-section-height-default elementor-section-height-default\" data-id=\"4b0e417\" data-element_type=\"section\">\n\t\t\t\t\t\t<div class=\"elementor-container elementor-column-gap-default\">\n\t\t\t\t\t<div class=\"elementor-column elementor-col-100 elementor-top-column elementor-element elementor-element-6622c57\" data-id=\"6622c57\" data-element_type=\"column\">\n\t\t\t<div class=\"elementor-widget-wrap elementor-element-populated\">\n\t\t\t\t\t\t\t\t<div class=\"elementor-element elementor-element-365b784 elementor-widget elementor-widget-google_maps\" data-id=\"365b784\" data-element_type=\"widget\" data-widget_type=\"google_maps.default\">\n\t\t\t\t<div class=\"elementor-widget-container\">\n\t\t\t<style>\/*! elementor - v3.14.0 - 26-06-2023 *\/\n.elementor-widget-google_maps .elementor-widget-container{overflow:hidden}.elementor-widget-google_maps .elementor-custom-embed{line-height:0}.elementor-widget-google_maps iframe{height:300px}<\/style>\t\t<div class=\"elementor-custom-embed\">\n\t\t\t<iframe loading=\"lazy\"\n\t\t\t\t\tsrc=\"https:\/\/maps.google.com\/maps?q=S%C4%85polno%2057&#038;t=m&#038;z=10&#038;output=embed&#038;iwloc=near\"\n\t\t\t\t\ttitle=\"S\u0105polno 57\"\n\t\t\t\t\taria-label=\"S\u0105polno 57\"\n\t\t\t><\/iframe>\n\t\t<\/div>\n\t\t\t\t<\/div>\n\t\t\t\t<\/div>\n\t\t\t\t\t<\/div>\n\t\t<\/div>\n\t\t\t\t\t\t\t<\/div>\n\t\t<\/section>\n\t\t\t\t<section class=\"elementor-section elementor-top-section elementor-element elementor-element-904c59a elementor-section-boxed elementor-section-height-default elementor-section-height-default\" data-id=\"904c59a\" data-element_type=\"section\">\n\t\t\t\t\t\t<div class=\"elementor-container elementor-column-gap-default\">\n\t\t\t\t\t<div class=\"elementor-column elementor-col-100 elementor-top-column elementor-element elementor-element-c80fa04\" data-id=\"c80fa04\" data-element_type=\"column\">\n\t\t\t<div class=\"elementor-widget-wrap\">\n\t\t\t\t\t\t\t\t\t<\/div>\n\t\t<\/div>\n\t\t\t\t\t\t\t<\/div>\n\t\t<\/section>\n\t\t\t\t\t\t\t<\/div>\n\t\t","protected":false},"excerpt":{"rendered":"<p>Kajaki S\u0105polno zapraszaj\u0105 na sp\u0119dzenie wsp\u00f3lnego czasu. Oferuje sp\u0142ywy kajakowe rzek\u0105 Brd\u0105 oraz okolicznymi rzekami. Brda nazywana jest kr\u00f3low\u0105 Borowieckich rzek. Sp\u0142yw [&hellip;]<\/p>\n","protected":false},"author":1,"featured_media":0,"parent":0,"menu_order":0,"comment_status":"closed","ping_status":"closed","template":"","meta":{"footnotes":""},"class_list":["post-20","page","type-page","status-publish","hentry"],"aioseo_notices":[],"_links":{"self":[{"href":"http:\/\/kajakisapolno.pl\/index.php?rest_route=\/wp\/v2\/pages\/20","targetHints":{"allow":["GET"]}}],"collection":[{"href":"http:\/\/kajakisapolno.pl\/index.php?rest_route=\/wp\/v2\/pages"}],"about":[{"href":"http:\/\/kajakisapolno.pl\/index.php?rest_route=\/wp\/v2\/types\/page"}],"author":[{"embeddable":true,"href":"http:\/\/kajakisapolno.pl\/index.php?rest_route=\/wp\/v2\/users\/1"}],"replies":[{"embeddable":true,"href":"http:\/\/kajakisapolno.pl\/index.php?rest_route=%2Fwp%2Fv2%2Fcomments&post=20"}],"version-history":[{"count":12,"href":"http:\/\/kajakisapolno.pl\/index.php?rest_route=\/wp\/v2\/pages\/20\/revisions"}],"predecessor-version":[{"id":204,"href":"http:\/\/kajakisapolno.pl\/index.php?rest_route=\/wp\/v2\/pages\/20\/revisions\/204"}],"wp:attachment":[{"href":"http:\/\/kajakisapolno.pl\/index.php?rest_route=%2Fwp%2Fv2%2Fmedia&parent=20"}],"curies":[{"name":"wp","href":"https:\/\/api.w.org\/{rel}","templated":true}]}}