{"id":19,"date":"2023-06-20T22:23:57","date_gmt":"2023-06-20T20:23:57","guid":{"rendered":"http:\/\/kajakisapolno.pl\/?page_id=19"},"modified":"2023-07-09T09:52:30","modified_gmt":"2023-07-09T07:52:30","slug":"strona-glowna","status":"publish","type":"page","link":"http:\/\/kajakisapolno.pl\/?page_id=19","title":{"rendered":"Strona g\u0142\u00f3wna"},"content":{"rendered":"\t\t<div data-elementor-type=\"wp-page\" data-elementor-id=\"19\" class=\"elementor elementor-19\">\n\t\t\t\t\t\t\t\t\t<section class=\"elementor-section elementor-top-section elementor-element elementor-element-dc02b94 elementor-section-boxed elementor-section-height-default elementor-section-height-default\" data-id=\"dc02b94\" data-element_type=\"section\">\n\t\t\t\t\t\t<div class=\"elementor-container elementor-column-gap-default\">\n\t\t\t\t\t<div class=\"elementor-column elementor-col-100 elementor-top-column elementor-element elementor-element-4d713a16\" data-id=\"4d713a16\" data-element_type=\"column\">\n\t\t\t<div class=\"elementor-widget-wrap elementor-element-populated\">\n\t\t\t\t\t\t\t\t<div class=\"elementor-element elementor-element-54283b6f elementor-widget elementor-widget-text-editor\" data-id=\"54283b6f\" data-element_type=\"widget\" data-widget_type=\"text-editor.default\">\n\t\t\t\t<div class=\"elementor-widget-container\">\n\t\t\t<style>\/*! elementor - v3.14.0 - 26-06-2023 *\/\n.elementor-widget-text-editor.elementor-drop-cap-view-stacked .elementor-drop-cap{background-color:#69727d;color:#fff}.elementor-widget-text-editor.elementor-drop-cap-view-framed .elementor-drop-cap{color:#69727d;border:3px solid;background-color:transparent}.elementor-widget-text-editor:not(.elementor-drop-cap-view-default) .elementor-drop-cap{margin-top:8px}.elementor-widget-text-editor:not(.elementor-drop-cap-view-default) .elementor-drop-cap-letter{width:1em;height:1em}.elementor-widget-text-editor .elementor-drop-cap{float:left;text-align:center;line-height:1;font-size:50px}.elementor-widget-text-editor .elementor-drop-cap-letter{display:inline-block}<\/style>\t\t\t\t<!-- wp:paragraph -->\n<p>Kajaki S\u0105polno zapraszaj\u0105 na sp\u0119dzenie wsp\u00f3lnego czasu.<\/p>\n<!-- \/wp:paragraph -->\n\n<!-- wp:paragraph -->\n<p>Oferuje sp\u0142ywy kajakowe rzek\u0105 Brd\u0105 oraz okolicznymi rzekami.<\/p>\n<!-- \/wp:paragraph -->\n\n<!-- wp:paragraph -->\n<p>Brda nazywana jest kr\u00f3low\u0105 Borowieckich rzek. Sp\u0142yw rzek\u0105 ma w sobie pi\u0119kno przyrody , atrakcyjne widoki oraz chwile odpoczynku w gronie przyjaci\u00f3\u0142 i rodziny.<\/p>\n<!-- \/wp:paragraph -->\n\n<!-- wp:paragraph -->\n<p>Rzeka oferuje sp\u0142yw na d\u0142ugo\u015bci 233 km przez R\u00f3wnin\u0119 Charzykowsk\u0105 , Bory Tucholskie i Dolin\u0119 Brdy.<\/p>\n<!-- \/wp:paragraph -->\n\n<!-- wp:paragraph -->\n<p>Szlak g\u00f3rnej Brdy zdoby\u0142 miano najpi\u0119kniejszego szlaku kajakowego. Na jego brzegach przygotowano liczne stanice wodne , przystanki i pola biwakowe gdzie mo\u017cna przy ognisku si\u0119 zrelaksowa\u0107 i odpocz\u0105\u0107 .<\/p>\n<!-- \/wp:paragraph -->\t\t\t\t\t\t<\/div>\n\t\t\t\t<\/div>\n\t\t\t\t\t<\/div>\n\t\t<\/div>\n\t\t\t\t\t\t\t<\/div>\n\t\t<\/section>\n\t\t\t\t<section class=\"elementor-section elementor-top-section elementor-element elementor-element-fc215d9 elementor-section-boxed elementor-section-height-default elementor-section-height-default\" data-id=\"fc215d9\" data-element_type=\"section\">\n\t\t\t\t\t\t<div class=\"elementor-container elementor-column-gap-default\">\n\t\t\t\t\t<div class=\"elementor-column elementor-col-100 elementor-top-column elementor-element elementor-element-82986bb\" data-id=\"82986bb\" data-element_type=\"column\">\n\t\t\t<div class=\"elementor-widget-wrap elementor-element-populated\">\n\t\t\t\t\t\t\t\t<div class=\"elementor-element elementor-element-ee9a374 elementor-widget__width-initial elementor-arrows-position-inside elementor-pagination-position-outside elementor-widget elementor-widget-image-carousel\" data-id=\"ee9a374\" data-element_type=\"widget\" data-settings=\"{&quot;navigation&quot;:&quot;both&quot;,&quot;autoplay&quot;:&quot;yes&quot;,&quot;pause_on_hover&quot;:&quot;yes&quot;,&quot;pause_on_interaction&quot;:&quot;yes&quot;,&quot;autoplay_speed&quot;:5000,&quot;infinite&quot;:&quot;yes&quot;,&quot;speed&quot;:500}\" data-widget_type=\"image-carousel.default\">\n\t\t\t\t<div class=\"elementor-widget-container\">\n\t\t\t<style>\/*! elementor - v3.14.0 - 26-06-2023 *\/\n.elementor-widget-image-carousel .swiper,.elementor-widget-image-carousel .swiper-container{position:static}.elementor-widget-image-carousel .swiper-container .swiper-slide figure,.elementor-widget-image-carousel .swiper .swiper-slide figure{line-height:inherit}.elementor-widget-image-carousel .swiper-slide{text-align:center}.elementor-image-carousel-wrapper:not(.swiper-container-initialized):not(.swiper-initialized) .swiper-slide{max-width:calc(100% \/ var(--e-image-carousel-slides-to-show, 3))}<\/style>\t\t<div class=\"elementor-image-carousel-wrapper swiper\" dir=\"ltr\">\n\t\t\t<div class=\"elementor-image-carousel swiper-wrapper swiper-image-stretch\" aria-live=\"off\">\n\t\t\t\t\t\t\t\t<div class=\"swiper-slide\" role=\"group\" aria-roledescription=\"slide\" aria-label=\"1 of 12\"><figure class=\"swiper-slide-inner\"><img decoding=\"async\" class=\"swiper-slide-image\" src=\"http:\/\/kajakisapolno.pl\/wp-content\/uploads\/2023\/06\/IMG-20230620-WA0004-768x768.jpg\" alt=\"IMG-20230620-WA0004\" \/><\/figure><\/div><div class=\"swiper-slide\" role=\"group\" aria-roledescription=\"slide\" aria-label=\"2 of 12\"><figure class=\"swiper-slide-inner\"><img decoding=\"async\" class=\"swiper-slide-image\" src=\"http:\/\/kajakisapolno.pl\/wp-content\/uploads\/2023\/06\/cropped-IMG-20230620-WA0002-768x768.jpg\" alt=\"cropped-IMG-20230620-WA0002.jpg\" \/><\/figure><\/div><div class=\"swiper-slide\" role=\"group\" aria-roledescription=\"slide\" aria-label=\"3 of 12\"><figure class=\"swiper-slide-inner\"><img decoding=\"async\" class=\"swiper-slide-image\" src=\"http:\/\/kajakisapolno.pl\/wp-content\/uploads\/2023\/06\/IMG-20230620-WA0001-768x768.jpg\" alt=\"IMG-20230620-WA0001\" \/><\/figure><\/div><div class=\"swiper-slide\" role=\"group\" aria-roledescription=\"slide\" aria-label=\"4 of 12\"><figure class=\"swiper-slide-inner\"><img decoding=\"async\" class=\"swiper-slide-image\" src=\"http:\/\/kajakisapolno.pl\/wp-content\/uploads\/2023\/06\/IMG-20230620-WA0000-768x768.jpg\" alt=\"IMG-20230620-WA0000\" \/><\/figure><\/div><div class=\"swiper-slide\" role=\"group\" aria-roledescription=\"slide\" aria-label=\"5 of 12\"><figure class=\"swiper-slide-inner\"><img decoding=\"async\" class=\"swiper-slide-image\" src=\"http:\/\/kajakisapolno.pl\/wp-content\/uploads\/2023\/07\/IMG-20230703-WA0007-768x768.jpg\" alt=\"IMG-20230703-WA0007\" \/><\/figure><\/div><div class=\"swiper-slide\" role=\"group\" aria-roledescription=\"slide\" aria-label=\"6 of 12\"><figure class=\"swiper-slide-inner\"><img decoding=\"async\" class=\"swiper-slide-image\" src=\"http:\/\/kajakisapolno.pl\/wp-content\/uploads\/2023\/07\/IMG-20230703-WA0006-768x768.jpg\" alt=\"IMG-20230703-WA0006\" \/><\/figure><\/div><div class=\"swiper-slide\" role=\"group\" aria-roledescription=\"slide\" aria-label=\"7 of 12\"><figure class=\"swiper-slide-inner\"><img decoding=\"async\" class=\"swiper-slide-image\" src=\"http:\/\/kajakisapolno.pl\/wp-content\/uploads\/2023\/07\/IMG-20230703-WA0005-768x768.jpg\" alt=\"IMG-20230703-WA0005\" \/><\/figure><\/div><div class=\"swiper-slide\" role=\"group\" aria-roledescription=\"slide\" aria-label=\"8 of 12\"><figure class=\"swiper-slide-inner\"><img decoding=\"async\" class=\"swiper-slide-image\" src=\"http:\/\/kajakisapolno.pl\/wp-content\/uploads\/2023\/07\/IMG-20230703-WA0004-768x768.jpg\" alt=\"IMG-20230703-WA0004\" \/><\/figure><\/div><div class=\"swiper-slide\" role=\"group\" aria-roledescription=\"slide\" aria-label=\"9 of 12\"><figure class=\"swiper-slide-inner\"><img decoding=\"async\" class=\"swiper-slide-image\" src=\"http:\/\/kajakisapolno.pl\/wp-content\/uploads\/2023\/07\/IMG-20230703-WA0003-768x768.jpg\" alt=\"IMG-20230703-WA0003\" \/><\/figure><\/div><div class=\"swiper-slide\" role=\"group\" aria-roledescription=\"slide\" aria-label=\"10 of 12\"><figure class=\"swiper-slide-inner\"><img decoding=\"async\" class=\"swiper-slide-image\" src=\"http:\/\/kajakisapolno.pl\/wp-content\/uploads\/2023\/07\/IMG-20230703-WA0002-768x768.jpg\" alt=\"IMG-20230703-WA0002\" \/><\/figure><\/div><div class=\"swiper-slide\" role=\"group\" aria-roledescription=\"slide\" aria-label=\"11 of 12\"><figure class=\"swiper-slide-inner\"><img decoding=\"async\" class=\"swiper-slide-image\" src=\"http:\/\/kajakisapolno.pl\/wp-content\/uploads\/2023\/07\/IMG-20230703-WA0001-768x768.jpg\" alt=\"IMG-20230703-WA0001\" \/><\/figure><\/div><div class=\"swiper-slide\" role=\"group\" aria-roledescription=\"slide\" aria-label=\"12 of 12\"><figure class=\"swiper-slide-inner\"><img decoding=\"async\" class=\"swiper-slide-image\" src=\"http:\/\/kajakisapolno.pl\/wp-content\/uploads\/2023\/07\/IMG-20230703-WA0000-768x768.jpg\" alt=\"IMG-20230703-WA0000\" \/><\/figure><\/div>\t\t\t<\/div>\n\t\t\t\t\t\t\t\t\t\t\t\t<div class=\"elementor-swiper-button elementor-swiper-button-prev\" role=\"button\" tabindex=\"0\">\n\t\t\t\t\t\t<i aria-hidden=\"true\" class=\"eicon-chevron-left\"><\/i>\t\t\t\t\t<\/div>\n\t\t\t\t\t<div class=\"elementor-swiper-button elementor-swiper-button-next\" role=\"button\" tabindex=\"0\">\n\t\t\t\t\t\t<i aria-hidden=\"true\" class=\"eicon-chevron-right\"><\/i>\t\t\t\t\t<\/div>\n\t\t\t\t\n\t\t\t\t\t\t\t\t\t<div class=\"swiper-pagination\"><\/div>\n\t\t\t\t\t\t\t\t\t<\/div>\n\t\t\t\t<\/div>\n\t\t\t\t<\/div>\n\t\t\t\t\t<\/div>\n\t\t<\/div>\n\t\t\t\t\t\t\t<\/div>\n\t\t<\/section>\n\t\t\t\t<section class=\"elementor-section elementor-top-section elementor-element elementor-element-ee5b321 elementor-section-boxed elementor-section-height-default elementor-section-height-default\" data-id=\"ee5b321\" data-element_type=\"section\">\n\t\t\t\t\t\t<div class=\"elementor-container elementor-column-gap-default\">\n\t\t\t\t\t<div class=\"elementor-column elementor-col-100 elementor-top-column elementor-element elementor-element-d218c70\" data-id=\"d218c70\" data-element_type=\"column\">\n\t\t\t<div class=\"elementor-widget-wrap elementor-element-populated\">\n\t\t\t\t\t\t\t\t<div class=\"elementor-element elementor-element-9b66c57 elementor-widget elementor-widget-image\" data-id=\"9b66c57\" data-element_type=\"widget\" data-widget_type=\"image.default\">\n\t\t\t\t<div class=\"elementor-widget-container\">\n\t\t\t<style>\/*! elementor - v3.14.0 - 26-06-2023 *\/\n.elementor-widget-image{text-align:center}.elementor-widget-image a{display:inline-block}.elementor-widget-image a img[src$=\".svg\"]{width:48px}.elementor-widget-image img{vertical-align:middle;display:inline-block}<\/style>\t\t\t\t\t\t\t\t\t\t\t\t<img loading=\"lazy\" decoding=\"async\" width=\"1024\" height=\"1024\" src=\"http:\/\/kajakisapolno.pl\/wp-content\/uploads\/2023\/06\/cropped-IMG-20230620-WA0004-1024x1024.jpg\" class=\"attachment-large size-large wp-image-76\" alt=\"\" srcset=\"http:\/\/kajakisapolno.pl\/wp-content\/uploads\/2023\/06\/cropped-IMG-20230620-WA0004-1024x1024.jpg 1024w, http:\/\/kajakisapolno.pl\/wp-content\/uploads\/2023\/06\/cropped-IMG-20230620-WA0004-300x300.jpg 300w, http:\/\/kajakisapolno.pl\/wp-content\/uploads\/2023\/06\/cropped-IMG-20230620-WA0004-150x150.jpg 150w, http:\/\/kajakisapolno.pl\/wp-content\/uploads\/2023\/06\/cropped-IMG-20230620-WA0004-768x768.jpg 768w, http:\/\/kajakisapolno.pl\/wp-content\/uploads\/2023\/06\/cropped-IMG-20230620-WA0004-100x100.jpg 100w\" sizes=\"auto, (max-width: 1024px) 100vw, 1024px\" \/>\t\t\t\t\t\t\t\t\t\t\t\t\t\t\t<\/div>\n\t\t\t\t<\/div>\n\t\t\t\t\t<\/div>\n\t\t<\/div>\n\t\t\t\t\t\t\t<\/div>\n\t\t<\/section>\n\t\t\t\t\t\t\t<\/div>\n\t\t","protected":false},"excerpt":{"rendered":"<p>Kajaki S\u0105polno zapraszaj\u0105 na sp\u0119dzenie wsp\u00f3lnego czasu. Oferuje sp\u0142ywy kajakowe rzek\u0105 Brd\u0105 oraz okolicznymi rzekami. Brda nazywana jest kr\u00f3low\u0105 Borowieckich rzek. Sp\u0142yw [&hellip;]<\/p>\n","protected":false},"author":1,"featured_media":0,"parent":0,"menu_order":0,"comment_status":"closed","ping_status":"closed","template":"","meta":{"footnotes":""},"class_list":["post-19","page","type-page","status-publish","hentry"],"aioseo_notices":[],"_links":{"self":[{"href":"http:\/\/kajakisapolno.pl\/index.php?rest_route=\/wp\/v2\/pages\/19","targetHints":{"allow":["GET"]}}],"collection":[{"href":"http:\/\/kajakisapolno.pl\/index.php?rest_route=\/wp\/v2\/pages"}],"about":[{"href":"http:\/\/kajakisapolno.pl\/index.php?rest_route=\/wp\/v2\/types\/page"}],"author":[{"embeddable":true,"href":"http:\/\/kajakisapolno.pl\/index.php?rest_route=\/wp\/v2\/users\/1"}],"replies":[{"embeddable":true,"href":"http:\/\/kajakisapolno.pl\/index.php?rest_route=%2Fwp%2Fv2%2Fcomments&post=19"}],"version-history":[{"count":17,"href":"http:\/\/kajakisapolno.pl\/index.php?rest_route=\/wp\/v2\/pages\/19\/revisions"}],"predecessor-version":[{"id":174,"href":"http:\/\/kajakisapolno.pl\/index.php?rest_route=\/wp\/v2\/pages\/19\/revisions\/174"}],"wp:attachment":[{"href":"http:\/\/kajakisapolno.pl\/index.php?rest_route=%2Fwp%2Fv2%2Fmedia&parent=19"}],"curies":[{"name":"wp","href":"https:\/\/api.w.org\/{rel}","templated":true}]}}